{"id":3462,"date":"2025-03-20T05:29:42","date_gmt":"2025-03-20T05:29:42","guid":{"rendered":"http:\/\/es-natural.local\/product\/harina-de-arroz-integral-bio-sol-natural-500gr\/"},"modified":"2026-02-22T05:04:40","modified_gmt":"2026-02-22T05:04:40","slug":"harina-de-arroz-integral-bio-sol-natural-500gr","status":"publish","type":"product","link":"https:\/\/esnaturalbarcelona.com\/en\/product\/harina-de-arroz-integral-bio-sol-natural-500gr\/","title":{"rendered":"Brown rice flour bio Sol Natural 500g"},"content":{"rendered":"<p>Brown rice flour bio Sol Natural 500g<\/p>\n","protected":false},"excerpt":{"rendered":"<p>La harina de arroz es buena aliada para las dietas de control de peso, ya que al tomarla tiene menos cantidad de carbohidratos y de l\u00edpidos. Al igual que el arroz, esta harina especialmente la integral ayuda a controlar los niveles de colesterol. Adem\u00e1s, ayuda al tr\u00e1nsito intestinal porque contienen fibra soluble.<\/p>\n<p>Ecol\u00f3gica y libre de gluten<\/p>\n","protected":false},"featured_media":3464,"comment_status":"open","ping_status":"closed","template":"","meta":[],"product_brand":[],"product_cat":[154,141],"product_tag":[],"class_list":{"0":"post-3462","1":"product","2":"type-product","3":"status-publish","4":"has-post-thumbnail","6":"product_cat-panaderia","7":"product_cat-harina","8":"product_shipping_class-custom-delivery-radius","10":"first","11":"instock","12":"purchasable","13":"product-type-simple"},"_links":{"self":[{"href":"https:\/\/esnaturalbarcelona.com\/en\/wp-json\/wp\/v2\/product\/3462","targetHints":{"allow":["GET"]}}],"collection":[{"href":"https:\/\/esnaturalbarcelona.com\/en\/wp-json\/wp\/v2\/product"}],"about":[{"href":"https:\/\/esnaturalbarcelona.com\/en\/wp-json\/wp\/v2\/types\/product"}],"replies":[{"embeddable":true,"href":"https:\/\/esnaturalbarcelona.com\/en\/wp-json\/wp\/v2\/comments?post=3462"}],"version-history":[{"count":2,"href":"https:\/\/esnaturalbarcelona.com\/en\/wp-json\/wp\/v2\/product\/3462\/revisions"}],"predecessor-version":[{"id":8417,"href":"https:\/\/esnaturalbarcelona.com\/en\/wp-json\/wp\/v2\/product\/3462\/revisions\/8417"}],"wp:featuredmedia":[{"embeddable":true,"href":"https:\/\/esnaturalbarcelona.com\/en\/wp-json\/wp\/v2\/media\/3464"}],"wp:attachment":[{"href":"https:\/\/esnaturalbarcelona.com\/en\/wp-json\/wp\/v2\/media?parent=3462"}],"wp:term":[{"taxonomy":"product_brand","embeddable":true,"href":"https:\/\/esnaturalbarcelona.com\/en\/wp-json\/wp\/v2\/product_brand?post=3462"},{"taxonomy":"product_cat","embeddable":true,"href":"https:\/\/esnaturalbarcelona.com\/en\/wp-json\/wp\/v2\/product_cat?post=3462"},{"taxonomy":"product_tag","embeddable":true,"href":"https:\/\/esnaturalbarcelona.com\/en\/wp-json\/wp\/v2\/product_tag?post=3462"}],"curies":[{"name":"wp","href":"https:\/\/api.w.org\/{rel}","templated":true}]}}