{"id":3483,"date":"2025-03-20T05:30:33","date_gmt":"2025-03-20T05:30:33","guid":{"rendered":"http:\/\/es-natural.local\/product\/mermelada-de-frambuesa-bio-cal-valls-240gr\/"},"modified":"2026-02-22T05:03:37","modified_gmt":"2026-02-22T05:03:37","slug":"mermelada-de-frambuesa-bio-cal-valls-240gr","status":"publish","type":"product","link":"https:\/\/esnaturalbarcelona.com\/en\/product\/mermelada-de-frambuesa-bio-cal-valls-240gr\/","title":{"rendered":"ORGANIC RASPBERRY JAM CAL VALLS 240GR"},"content":{"rendered":"<p>ORGANIC RASPBERRY JAM CAL VALLS 240GR<\/p>\n","protected":false},"excerpt":{"rendered":"<div><span style=\"font-family: verdana, sans-serif; font-size: small;\"><strong>Ingredientes:<\/strong>\u00a0Frambuesa*, concentrado de agave* y pectina.<\/span><\/div>\n<div><span style=\"font-family: verdana, sans-serif; font-size: small;\">(*) De cultivo ecol\u00f3gico.<\/span><\/div>\n<div><span style=\"font-family: verdana, sans-serif; font-size: small;\">\u00a0<\/span><\/div>\n<div><span style=\"font-family: verdana, sans-serif; font-size: small;\">Producto\u00a0Biol\u00f3gico, Vegano y Sin Az\u00facar a\u00f1adido.<\/span><\/div>\n","protected":false},"featured_media":3485,"comment_status":"open","ping_status":"closed","template":"","meta":[],"product_brand":[],"product_cat":[135,158],"product_tag":[],"class_list":{"0":"post-3483","1":"product","2":"type-product","3":"status-publish","4":"has-post-thumbnail","6":"product_cat-mermeladas","7":"product_cat-untables-y-edulcorantes","8":"product_shipping_class-custom-delivery-radius","10":"first","11":"instock","12":"purchasable","13":"product-type-simple"},"_links":{"self":[{"href":"https:\/\/esnaturalbarcelona.com\/en\/wp-json\/wp\/v2\/product\/3483","targetHints":{"allow":["GET"]}}],"collection":[{"href":"https:\/\/esnaturalbarcelona.com\/en\/wp-json\/wp\/v2\/product"}],"about":[{"href":"https:\/\/esnaturalbarcelona.com\/en\/wp-json\/wp\/v2\/types\/product"}],"replies":[{"embeddable":true,"href":"https:\/\/esnaturalbarcelona.com\/en\/wp-json\/wp\/v2\/comments?post=3483"}],"version-history":[{"count":2,"href":"https:\/\/esnaturalbarcelona.com\/en\/wp-json\/wp\/v2\/product\/3483\/revisions"}],"predecessor-version":[{"id":8374,"href":"https:\/\/esnaturalbarcelona.com\/en\/wp-json\/wp\/v2\/product\/3483\/revisions\/8374"}],"wp:featuredmedia":[{"embeddable":true,"href":"https:\/\/esnaturalbarcelona.com\/en\/wp-json\/wp\/v2\/media\/3485"}],"wp:attachment":[{"href":"https:\/\/esnaturalbarcelona.com\/en\/wp-json\/wp\/v2\/media?parent=3483"}],"wp:term":[{"taxonomy":"product_brand","embeddable":true,"href":"https:\/\/esnaturalbarcelona.com\/en\/wp-json\/wp\/v2\/product_brand?post=3483"},{"taxonomy":"product_cat","embeddable":true,"href":"https:\/\/esnaturalbarcelona.com\/en\/wp-json\/wp\/v2\/product_cat?post=3483"},{"taxonomy":"product_tag","embeddable":true,"href":"https:\/\/esnaturalbarcelona.com\/en\/wp-json\/wp\/v2\/product_tag?post=3483"}],"curies":[{"name":"wp","href":"https:\/\/api.w.org\/{rel}","templated":true}]}}