{"id":3510,"date":"2025-03-20T05:30:33","date_gmt":"2025-03-20T05:30:33","guid":{"rendered":"http:\/\/es-natural.local\/product\/super-miel-bolitas-de-maiz-bio-sol-natural-250gr\/"},"modified":"2026-02-22T05:03:52","modified_gmt":"2026-02-22T05:03:52","slug":"super-miel-bolitas-de-maiz-bio-sol-natural-250gr","status":"publish","type":"product","link":"https:\/\/esnaturalbarcelona.com\/en\/product\/super-miel-bolitas-de-maiz-bio-sol-natural-250gr\/","title":{"rendered":"ORGANIC SUPER HONEY CORN BITES SOL NATURAL 250GR"},"content":{"rendered":"<p>ORGANIC SUPER HONEY CORN BITES SOL NATURAL 250GR<\/p>\n","protected":false},"excerpt":{"rendered":"<p>Los\u00a0Cereales Bolitas de Ma\u00edz Super Miel Bio\u00a0de\u00a0Sol Natural\u00a0son\u00a0cereales ricos en fibra<strong>,\u00a0<\/strong>saludables para la digesti\u00f3n de tus hijos. Adem\u00e1s de que son un gran aporte de vitaminas y minerales, por lo que es muy saludable un buen desayuno con cereales.<\/p>\n<p>Los\u00a0Cereales Bolitas de Ma\u00edz Super Miel Bio\u00a0de\u00a0Sol Natural son dulces y crujientes, recubiertos con una delgada capa de miel que aporta no solo un sabor agradable, sino que tambi\u00e9n son cereales nutritivos que aportan todos los beneficios de este edulcorante 100 % natural.<\/p>\n<p><strong>Composici\u00f3n:<\/strong><br \/>\nHarina de Ma\u00edz, Az\u00facar de Ca\u00f1a, Sirope de Ma\u00edz, Miel (2%), Sal.<\/p>\n<p>Puede contener trazas de frutos de c\u00e1scara, s\u00e9samo, y soja.<\/p>\n","protected":false},"featured_media":3512,"comment_status":"open","ping_status":"closed","template":"","meta":[],"product_brand":[],"product_cat":[153,109],"product_tag":[],"class_list":{"0":"post-3510","1":"product","2":"type-product","3":"status-publish","4":"has-post-thumbnail","6":"product_cat-desayuno","7":"product_cat-cereales","8":"product_shipping_class-custom-delivery-radius","10":"first","11":"instock","12":"purchasable","13":"product-type-simple"},"_links":{"self":[{"href":"https:\/\/esnaturalbarcelona.com\/en\/wp-json\/wp\/v2\/product\/3510","targetHints":{"allow":["GET"]}}],"collection":[{"href":"https:\/\/esnaturalbarcelona.com\/en\/wp-json\/wp\/v2\/product"}],"about":[{"href":"https:\/\/esnaturalbarcelona.com\/en\/wp-json\/wp\/v2\/types\/product"}],"replies":[{"embeddable":true,"href":"https:\/\/esnaturalbarcelona.com\/en\/wp-json\/wp\/v2\/comments?post=3510"}],"version-history":[{"count":2,"href":"https:\/\/esnaturalbarcelona.com\/en\/wp-json\/wp\/v2\/product\/3510\/revisions"}],"predecessor-version":[{"id":8386,"href":"https:\/\/esnaturalbarcelona.com\/en\/wp-json\/wp\/v2\/product\/3510\/revisions\/8386"}],"wp:featuredmedia":[{"embeddable":true,"href":"https:\/\/esnaturalbarcelona.com\/en\/wp-json\/wp\/v2\/media\/3512"}],"wp:attachment":[{"href":"https:\/\/esnaturalbarcelona.com\/en\/wp-json\/wp\/v2\/media?parent=3510"}],"wp:term":[{"taxonomy":"product_brand","embeddable":true,"href":"https:\/\/esnaturalbarcelona.com\/en\/wp-json\/wp\/v2\/product_brand?post=3510"},{"taxonomy":"product_cat","embeddable":true,"href":"https:\/\/esnaturalbarcelona.com\/en\/wp-json\/wp\/v2\/product_cat?post=3510"},{"taxonomy":"product_tag","embeddable":true,"href":"https:\/\/esnaturalbarcelona.com\/en\/wp-json\/wp\/v2\/product_tag?post=3510"}],"curies":[{"name":"wp","href":"https:\/\/api.w.org\/{rel}","templated":true}]}}