{"id":3516,"date":"2025-03-20T05:30:33","date_gmt":"2025-03-20T05:30:33","guid":{"rendered":"http:\/\/es-natural.local\/product\/choco-arroz-cereales-bio-sol-natural-250g\/"},"modified":"2026-02-22T05:03:54","modified_gmt":"2026-02-22T05:03:54","slug":"choco-arroz-cereales-bio-sol-natural-250g","status":"publish","type":"product","link":"https:\/\/esnaturalbarcelona.com\/en\/product\/choco-arroz-cereales-bio-sol-natural-250g\/","title":{"rendered":"ORGANIC CHOCOLATE RICE CEREALS SOL NATURAL 250GR"},"content":{"rendered":"<p>ORGANIC CHOCOLATE RICE CEREALS SOL NATURAL 250GR<\/p>\n","protected":false},"excerpt":{"rendered":"<p>Cereal de arroz hinchado con cacao<\/p>\n<div class=\"col-md-12\">\n<div id=\"DIVINGREDIENTES\" class=\"col-md-12 font-raleway text-xs text-grey\">\n<div class=\"col-md-12\">\n<div id=\"DIVINGREDIENTES\" class=\"col-md-12 font-raleway text-xs text-grey\">\n<p><strong>Ingredientes: <\/strong>Harina de arroz* (75%), az\u00facar de ca\u00f1a*, sirope de ma\u00edz*, cacao en polvo*(2,8%) , cacao en polvo desgrasado*(2,6%), emulgente: lecitina de SOJA*, sal. *<\/p>\n<div><\/div>\n<p>(*) Procedente de Agricultura Ecol\u00f3gica<\/p>\n<div><\/div>\n<\/div>\n<\/div>\n<div><span class=\"font-ralewaymed text-xs text-lightgreen\">Puede contener trazas de:\u00a0<\/span><span class=\"font-raleway text-xs text-grey\">Gluten, frutos de c\u00e1scara, s\u00e9samo y leche y sus derivados.<\/span><\/div>\n<\/div>\n<\/div>\n<div><\/div>\n","protected":false},"featured_media":3518,"comment_status":"open","ping_status":"closed","template":"","meta":[],"product_brand":[],"product_cat":[153,109],"product_tag":[],"class_list":{"0":"post-3516","1":"product","2":"type-product","3":"status-publish","4":"has-post-thumbnail","6":"product_cat-desayuno","7":"product_cat-cereales","8":"product_shipping_class-custom-delivery-radius","10":"first","11":"instock","12":"purchasable","13":"product-type-simple"},"_links":{"self":[{"href":"https:\/\/esnaturalbarcelona.com\/en\/wp-json\/wp\/v2\/product\/3516","targetHints":{"allow":["GET"]}}],"collection":[{"href":"https:\/\/esnaturalbarcelona.com\/en\/wp-json\/wp\/v2\/product"}],"about":[{"href":"https:\/\/esnaturalbarcelona.com\/en\/wp-json\/wp\/v2\/types\/product"}],"replies":[{"embeddable":true,"href":"https:\/\/esnaturalbarcelona.com\/en\/wp-json\/wp\/v2\/comments?post=3516"}],"version-history":[{"count":2,"href":"https:\/\/esnaturalbarcelona.com\/en\/wp-json\/wp\/v2\/product\/3516\/revisions"}],"predecessor-version":[{"id":8388,"href":"https:\/\/esnaturalbarcelona.com\/en\/wp-json\/wp\/v2\/product\/3516\/revisions\/8388"}],"wp:featuredmedia":[{"embeddable":true,"href":"https:\/\/esnaturalbarcelona.com\/en\/wp-json\/wp\/v2\/media\/3518"}],"wp:attachment":[{"href":"https:\/\/esnaturalbarcelona.com\/en\/wp-json\/wp\/v2\/media?parent=3516"}],"wp:term":[{"taxonomy":"product_brand","embeddable":true,"href":"https:\/\/esnaturalbarcelona.com\/en\/wp-json\/wp\/v2\/product_brand?post=3516"},{"taxonomy":"product_cat","embeddable":true,"href":"https:\/\/esnaturalbarcelona.com\/en\/wp-json\/wp\/v2\/product_cat?post=3516"},{"taxonomy":"product_tag","embeddable":true,"href":"https:\/\/esnaturalbarcelona.com\/en\/wp-json\/wp\/v2\/product_tag?post=3516"}],"curies":[{"name":"wp","href":"https:\/\/api.w.org\/{rel}","templated":true}]}}