{"id":3655,"date":"2025-03-20T05:32:01","date_gmt":"2025-03-20T05:32:01","guid":{"rendered":"http:\/\/es-natural.local\/product\/super-proteina-vegana-frutos-rojos-y-goji-iswari-400gr\/"},"modified":"2026-02-22T05:03:20","modified_gmt":"2026-02-22T05:03:20","slug":"super-proteina-vegana-frutos-rojos-y-goji-iswari-400gr","status":"publish","type":"product","link":"https:\/\/esnaturalbarcelona.com\/en\/product\/super-proteina-vegana-frutos-rojos-y-goji-iswari-400gr\/","title":{"rendered":"SUPER VEGAN PROTEIN BERRIES AND GOJI ISWARI 400GR"},"content":{"rendered":"<p>SUPER VEGAN PROTEIN BERRIES AND GOJI ISWARI 400GR<\/p>\n","protected":false},"excerpt":{"rendered":"<p>La Super Vegan Protein de Iswari es una mezcla de prote\u00ednas vegetales con frutos rojos y Goji . A\u00f1ade a tus batidos para un aporte de prote\u00edna despu\u00e9s del ejercicio.<\/p>\n<p>Esta prote\u00edna vegana es perfecta para la recuperaci\u00f3n muscular despu\u00e9s del ejercicio. Los frutos rojos y el Goji a\u00f1aden potentes antioxidantes y energ\u00eda.<\/p>\n<p>&nbsp;<\/p>\n","protected":false},"featured_media":3657,"comment_status":"open","ping_status":"closed","template":"","meta":[],"product_brand":[],"product_cat":[85],"product_tag":[],"class_list":{"0":"post-3655","1":"product","2":"type-product","3":"status-publish","4":"has-post-thumbnail","6":"product_cat-superalimentos-y-suplementos-iswari","7":"product_shipping_class-custom-delivery-radius","9":"first","10":"instock","11":"purchasable","12":"product-type-simple"},"_links":{"self":[{"href":"https:\/\/esnaturalbarcelona.com\/en\/wp-json\/wp\/v2\/product\/3655","targetHints":{"allow":["GET"]}}],"collection":[{"href":"https:\/\/esnaturalbarcelona.com\/en\/wp-json\/wp\/v2\/product"}],"about":[{"href":"https:\/\/esnaturalbarcelona.com\/en\/wp-json\/wp\/v2\/types\/product"}],"replies":[{"embeddable":true,"href":"https:\/\/esnaturalbarcelona.com\/en\/wp-json\/wp\/v2\/comments?post=3655"}],"version-history":[{"count":2,"href":"https:\/\/esnaturalbarcelona.com\/en\/wp-json\/wp\/v2\/product\/3655\/revisions"}],"predecessor-version":[{"id":8349,"href":"https:\/\/esnaturalbarcelona.com\/en\/wp-json\/wp\/v2\/product\/3655\/revisions\/8349"}],"wp:featuredmedia":[{"embeddable":true,"href":"https:\/\/esnaturalbarcelona.com\/en\/wp-json\/wp\/v2\/media\/3657"}],"wp:attachment":[{"href":"https:\/\/esnaturalbarcelona.com\/en\/wp-json\/wp\/v2\/media?parent=3655"}],"wp:term":[{"taxonomy":"product_brand","embeddable":true,"href":"https:\/\/esnaturalbarcelona.com\/en\/wp-json\/wp\/v2\/product_brand?post=3655"},{"taxonomy":"product_cat","embeddable":true,"href":"https:\/\/esnaturalbarcelona.com\/en\/wp-json\/wp\/v2\/product_cat?post=3655"},{"taxonomy":"product_tag","embeddable":true,"href":"https:\/\/esnaturalbarcelona.com\/en\/wp-json\/wp\/v2\/product_tag?post=3655"}],"curies":[{"name":"wp","href":"https:\/\/api.w.org\/{rel}","templated":true}]}}