{"id":3658,"date":"2025-03-20T05:32:01","date_gmt":"2025-03-20T05:32:01","guid":{"rendered":"http:\/\/es-natural.local\/product\/super-proteina-vegana-chocolate-lions-mane-400gr\/"},"modified":"2026-03-03T06:01:03","modified_gmt":"2026-03-03T06:01:03","slug":"super-proteina-vegana-chocolate-lions-mane-400gr","status":"publish","type":"product","link":"https:\/\/esnaturalbarcelona.com\/en\/product\/super-proteina-vegana-chocolate-lions-mane-400gr\/","title":{"rendered":"SUPER VEGAN PROTEIN CHOCOLATE &#038; LION&#8217;S MANE 400GR"},"content":{"rendered":"<p>SUPER VEGAN PROTEIN CHOCOLATE &amp; LION&#8217;S MANE 400GR<\/p>\n","protected":false},"excerpt":{"rendered":"<p>Super vegan protein choco &amp; lion&#8217;s mane obtienes 24g de\u00a0prote\u00edna vegana\u00a0con un alto espectro de\u00a0amino\u00e1cidos, con la inclusi\u00f3n de enzimas digestivas Digezyme una completa multienzima de cinco enzimas digestivas diferentes, que mejora la salud metab\u00f3lica, en particular intestinal salud y contribuye a la reducci\u00f3n del dolor muscular\u00a0y la debilidad despu\u00e9s del ejercicio f\u00edsico exc\u00e9ntrico.<\/p>\n<p class=\"product-rich-descriptive-content-title\"><strong>Propiedades y beneficios de Super vegan protein choco &amp; lion&#8217;s mane:<\/strong><\/p>\n<p>En Super Vegan Protein Chocolate &amp; Melena de Le\u00f3n obtienes 3,2 g de BCCA (leucina, isoleucina y valina) por raci\u00f3n. Estos\u00a0amino\u00e1cidos\u00a0de cadena ramificada se consideran esenciales, ya que son imprescindibles para el organismo, estando presentes en todas las prote\u00ednas del organismo, especialmente en el tejido muscular, ya que se metabolizan directamente en los m\u00fasculos y aportan\u00a0energ\u00eda\u00a0para su actividad.<\/p>\n<p class=\"product-rich-descriptive-content-title\"><strong>Composici\u00f3n:<\/strong> L\u00facuma, Prote\u00edna de Guisante, Cacao en polvo (8 %), D\u00e1til en polvo, Seta Lion\u2019s Mane en polvo (2,25 %), Digezyme (0,2 %), Prote\u00edna de C\u00e1\u00f1amo (60 %), Prote\u00edna de Semilla de Calabaza.<\/p>\n","protected":false},"featured_media":3660,"comment_status":"open","ping_status":"closed","template":"","meta":[],"product_brand":[],"product_cat":[85],"product_tag":[],"class_list":{"0":"post-3658","1":"product","2":"type-product","3":"status-publish","4":"has-post-thumbnail","6":"product_cat-superalimentos-y-suplementos-iswari","7":"product_shipping_class-custom-delivery-radius","9":"first","10":"outofstock","11":"purchasable","12":"product-type-simple"},"_links":{"self":[{"href":"https:\/\/esnaturalbarcelona.com\/en\/wp-json\/wp\/v2\/product\/3658","targetHints":{"allow":["GET"]}}],"collection":[{"href":"https:\/\/esnaturalbarcelona.com\/en\/wp-json\/wp\/v2\/product"}],"about":[{"href":"https:\/\/esnaturalbarcelona.com\/en\/wp-json\/wp\/v2\/types\/product"}],"replies":[{"embeddable":true,"href":"https:\/\/esnaturalbarcelona.com\/en\/wp-json\/wp\/v2\/comments?post=3658"}],"version-history":[{"count":2,"href":"https:\/\/esnaturalbarcelona.com\/en\/wp-json\/wp\/v2\/product\/3658\/revisions"}],"predecessor-version":[{"id":8350,"href":"https:\/\/esnaturalbarcelona.com\/en\/wp-json\/wp\/v2\/product\/3658\/revisions\/8350"}],"wp:featuredmedia":[{"embeddable":true,"href":"https:\/\/esnaturalbarcelona.com\/en\/wp-json\/wp\/v2\/media\/3660"}],"wp:attachment":[{"href":"https:\/\/esnaturalbarcelona.com\/en\/wp-json\/wp\/v2\/media?parent=3658"}],"wp:term":[{"taxonomy":"product_brand","embeddable":true,"href":"https:\/\/esnaturalbarcelona.com\/en\/wp-json\/wp\/v2\/product_brand?post=3658"},{"taxonomy":"product_cat","embeddable":true,"href":"https:\/\/esnaturalbarcelona.com\/en\/wp-json\/wp\/v2\/product_cat?post=3658"},{"taxonomy":"product_tag","embeddable":true,"href":"https:\/\/esnaturalbarcelona.com\/en\/wp-json\/wp\/v2\/product_tag?post=3658"}],"curies":[{"name":"wp","href":"https:\/\/api.w.org\/{rel}","templated":true}]}}