{"id":3700,"date":"2025-03-20T05:32:57","date_gmt":"2025-03-20T05:32:57","guid":{"rendered":"http:\/\/es-natural.local\/product\/berenjena-china-kilo\/"},"modified":"2026-02-22T04:57:36","modified_gmt":"2026-02-22T04:57:36","slug":"eggplant-china","status":"publish","type":"product","link":"https:\/\/esnaturalbarcelona.com\/en\/product\/eggplant-china\/","title":{"rendered":"Chinese Eggplant per Kilo"},"content":{"rendered":"<p>Chinese Eggplant per Kilo<\/p>\n","protected":false},"excerpt":{"rendered":"<p>La berenjena china es una fuente rica en fibra, antioxidantes, vitaminas y minerales. Sus beneficios incluyen la promoci\u00f3n de la salud digestiva, la protecci\u00f3n contra enfermedades cr\u00f3nicas debido a sus propiedades antioxidantes, la capacidad para controlar los niveles de az\u00facar en la sangre, la reducci\u00f3n de la inflamaci\u00f3n y el apoyo a la salud del coraz\u00f3n. Adem\u00e1s, es baja en calor\u00edas y carbohidratos, lo que la convierte en una opci\u00f3n ideal para quienes buscan controlar su peso o seguir una dieta baja en calor\u00edas.<\/p>\n","protected":false},"featured_media":3702,"comment_status":"open","ping_status":"closed","template":"","meta":[],"product_brand":[],"product_cat":[15],"product_tag":[],"class_list":{"0":"post-3700","1":"product","2":"type-product","3":"status-publish","4":"has-post-thumbnail","6":"product_cat-uncategorized","7":"product_shipping_class-fruits-vegetables","9":"first","10":"instock","11":"purchasable","12":"product-type-simple"},"_links":{"self":[{"href":"https:\/\/esnaturalbarcelona.com\/en\/wp-json\/wp\/v2\/product\/3700","targetHints":{"allow":["GET"]}}],"collection":[{"href":"https:\/\/esnaturalbarcelona.com\/en\/wp-json\/wp\/v2\/product"}],"about":[{"href":"https:\/\/esnaturalbarcelona.com\/en\/wp-json\/wp\/v2\/types\/product"}],"replies":[{"embeddable":true,"href":"https:\/\/esnaturalbarcelona.com\/en\/wp-json\/wp\/v2\/comments?post=3700"}],"version-history":[{"count":3,"href":"https:\/\/esnaturalbarcelona.com\/en\/wp-json\/wp\/v2\/product\/3700\/revisions"}],"predecessor-version":[{"id":8320,"href":"https:\/\/esnaturalbarcelona.com\/en\/wp-json\/wp\/v2\/product\/3700\/revisions\/8320"}],"wp:featuredmedia":[{"embeddable":true,"href":"https:\/\/esnaturalbarcelona.com\/en\/wp-json\/wp\/v2\/media\/3702"}],"wp:attachment":[{"href":"https:\/\/esnaturalbarcelona.com\/en\/wp-json\/wp\/v2\/media?parent=3700"}],"wp:term":[{"taxonomy":"product_brand","embeddable":true,"href":"https:\/\/esnaturalbarcelona.com\/en\/wp-json\/wp\/v2\/product_brand?post=3700"},{"taxonomy":"product_cat","embeddable":true,"href":"https:\/\/esnaturalbarcelona.com\/en\/wp-json\/wp\/v2\/product_cat?post=3700"},{"taxonomy":"product_tag","embeddable":true,"href":"https:\/\/esnaturalbarcelona.com\/en\/wp-json\/wp\/v2\/product_tag?post=3700"}],"curies":[{"name":"wp","href":"https:\/\/api.w.org\/{rel}","templated":true}]}}