{"id":8013,"date":"2025-03-20T05:32:57","date_gmt":"2025-03-20T05:32:57","guid":{"rendered":"https:\/\/esnaturalbarcelona.com\/product\/manzana-granny-extra-500gr\/"},"modified":"2026-02-10T06:57:28","modified_gmt":"2026-02-10T06:57:28","slug":"manzana-granny-extra-500gr","status":"publish","type":"product","link":"https:\/\/esnaturalbarcelona.com\/en\/product\/manzana-granny-extra-500gr\/","title":{"rendered":"MANZANA GRANNY EXTRA 500GR"},"content":{"rendered":"<p>MANZANA GRANNY EXTRA 500GR<\/p>\n","protected":false},"excerpt":{"rendered":"<p>Las manzanas Granny Smith son de color verde luminoso. Son crujientes, jugosas y \u00e1cidas, siendo excelentes para el consumo tanto para cocinar como para comer crudas. Tambi\u00e9n son fabulosas para las ensaladas porque las rebanadas no se oxidan tan r\u00e1pido como otros tipos de manzana. Asimismo, tiene una textura m\u00e1s fuerte que la de otras manzanas verdes, provocando problemas a personas con dentaduras postizas.   <\/p>\n<p>Esta variedad de manzana suele ser la preferida en el mercado debido a sus beneficios en la salud, los especialistas en el \u00e1rea de la nutrici\u00f3n han revelado que favorece una buena digesti\u00f3n, regula los movimientos intestinales y ayuda a prevenir el estre\u00f1imiento, a\u00f1adiendo que gracias a las vitaminas A, B, C, su alto contenido de antioxidantes y agua ayudan a mantener hidratada la piel.<\/p>\n","protected":false},"featured_media":6903,"comment_status":"open","ping_status":"closed","template":"","meta":[],"product_brand":[],"product_cat":[184],"product_tag":[],"class_list":{"0":"post-8013","1":"product","2":"type-product","3":"status-publish","4":"has-post-thumbnail","6":"product_cat-sin-categoria","7":"product_shipping_class-fruits-vegetables","9":"first","10":"instock","11":"purchasable","12":"product-type-simple"},"_links":{"self":[{"href":"https:\/\/esnaturalbarcelona.com\/en\/wp-json\/wp\/v2\/product\/8013","targetHints":{"allow":["GET"]}}],"collection":[{"href":"https:\/\/esnaturalbarcelona.com\/en\/wp-json\/wp\/v2\/product"}],"about":[{"href":"https:\/\/esnaturalbarcelona.com\/en\/wp-json\/wp\/v2\/types\/product"}],"replies":[{"embeddable":true,"href":"https:\/\/esnaturalbarcelona.com\/en\/wp-json\/wp\/v2\/comments?post=8013"}],"version-history":[{"count":1,"href":"https:\/\/esnaturalbarcelona.com\/en\/wp-json\/wp\/v2\/product\/8013\/revisions"}],"predecessor-version":[{"id":9394,"href":"https:\/\/esnaturalbarcelona.com\/en\/wp-json\/wp\/v2\/product\/8013\/revisions\/9394"}],"wp:featuredmedia":[{"embeddable":true,"href":"https:\/\/esnaturalbarcelona.com\/en\/wp-json\/wp\/v2\/media\/6903"}],"wp:attachment":[{"href":"https:\/\/esnaturalbarcelona.com\/en\/wp-json\/wp\/v2\/media?parent=8013"}],"wp:term":[{"taxonomy":"product_brand","embeddable":true,"href":"https:\/\/esnaturalbarcelona.com\/en\/wp-json\/wp\/v2\/product_brand?post=8013"},{"taxonomy":"product_cat","embeddable":true,"href":"https:\/\/esnaturalbarcelona.com\/en\/wp-json\/wp\/v2\/product_cat?post=8013"},{"taxonomy":"product_tag","embeddable":true,"href":"https:\/\/esnaturalbarcelona.com\/en\/wp-json\/wp\/v2\/product_tag?post=8013"}],"curies":[{"name":"wp","href":"https:\/\/api.w.org\/{rel}","templated":true}]}}